{"id":35,"date":"2026-01-25T12:00:38","date_gmt":"2026-01-25T12:00:38","guid":{"rendered":"https:\/\/en-jeuxtheatre.fr\/?page_id=35"},"modified":"2026-01-25T12:33:13","modified_gmt":"2026-01-25T12:33:13","slug":"tartuffe","status":"publish","type":"page","link":"http:\/\/en-jeuxtheatre.fr\/index.php\/tartuffe\/","title":{"rendered":"Tartuffe ou l&#8217;Hypocrite"},"content":{"rendered":"\n<p>\n  Photo\u00a9B.Blampain\n<\/p>\n\n\n\n<figure class=\"wp-block-image\"><img loading=\"lazy\" decoding=\"async\" width=\"886\" height=\"886\" src=\"http:\/\/en-jeuxtheatre.fr\/wp-content\/uploads\/2026\/01\/image-collee-jpeg-10.jpeg\" alt=\"image-coll\u00e9e.jpeg\" class=\"wp-image-36\" srcset=\"http:\/\/en-jeuxtheatre.fr\/wp-content\/uploads\/2026\/01\/image-collee-jpeg-10.jpeg 886w, http:\/\/en-jeuxtheatre.fr\/wp-content\/uploads\/2026\/01\/image-collee-jpeg-10-300x300.jpeg 300w, http:\/\/en-jeuxtheatre.fr\/wp-content\/uploads\/2026\/01\/image-collee-jpeg-10-150x150.jpeg 150w, http:\/\/en-jeuxtheatre.fr\/wp-content\/uploads\/2026\/01\/image-collee-jpeg-10-768x768.jpeg 768w\" sizes=\"auto, (max-width: 886px) 100vw, 886px\" \/><\/figure>\n\n\n\n<p><\/p>\n\n\n\n<p><strong>Tartuffe <\/strong>ou<strong> l\u2019Hypocrite<\/strong>\n<\/p>\n\n\n\n<p>\n  Moli\u00e8re\n<\/p>\n\n\n\n<p><strong>En-Jeu(x)<\/strong>\n<\/p>\n\n\n\n<p>\n  pr\u00e9sente\n<\/p>\n\n\n\n<p><strong>Tartuffe <\/strong>ou<strong> l\u2019Hypocrite<\/strong>\n<\/p>\n\n\n\n<p>\n  Com\u00e9die en vers de Moli\u00e8re\n<\/p>\n\n\n\n<p>\n  Restauration en trois actes par Beno\u00eet Blampain\n<\/p>\n\n\n\n<p>\n  Cr\u00e9ation\n<\/p>\n\n\n\n<p><em>Dramatis person\u00e6<\/em>\n<\/p>\n\n\n\n<p><strong>Mme Pernelle<\/strong>, M\u00e8re d\u2019Orgon\u23a5<strong>Nicole Contin<\/strong>\n<\/p>\n\n\n\n<p><strong>Elmire<\/strong>, Femme d\u2019Orgon\u23a5<strong>Chlo\u00e9 Th\u00e9bault<\/strong>\n<\/p>\n\n\n\n<p><strong>Dorine<\/strong>, Suivante\u23a5<strong>Beate Giffo-Schmitt<\/strong>\n<\/p>\n\n\n\n<p><strong>Damis<\/strong>, Fils d\u2019Orgon\u23a5<strong>Justin Willett<\/strong>\n<\/p>\n\n\n\n<p><strong>Cl\u00e9ante<\/strong>, Beaufr\u00e8re d\u2019Orgon\u23a5<strong>Serge Macia<\/strong>\n<\/p>\n\n\n\n<p><strong>Flipote<\/strong>, Servante de Madame Pernelle\u23a5N.N.\n<\/p>\n\n\n\n<p><strong>Orgon<\/strong>, Mari d\u2019Elmire\u23a5<strong>Eric Dalhen<\/strong>\n<\/p>\n\n\n\n<p><strong>Tartuffe<\/strong>, faux D\u00e9vot\u23a5<strong>Yann Le Hou\u00ebzec<\/strong>\n<\/p>\n\n\n\n<p>\n  Mise en sc\u00e8ne <strong>Beno\u00eet Blampain<\/strong>\n<\/p>\n\n\n\n<p>\n  Tartuffe entre et c\u2019est l\u2019Enfer !\n<\/p>\n\n\n\n<p>\n  Une com\u00e9die en alexandrins dans une famille recompos\u00e9e o\u00f9 le fanatisme s\u2019est install\u00e9. On rit en invoquant le Ciel et la rigueur de mise sera d\u00e9mise.\n<\/p>\n\n\n\n<p>\n  Restaur\u00e9e en trois actes, plus concise, la pi\u00e8ce va droit au but pour d\u00e9masquer l\u2019hypocrisie.\n<\/p>\n\n\n\n<p>\n  Dans un joyeux va-et-vient o\u00f9 l\u2019on t\u00e2che \u00e0 trousser ou d\u00e9trousser, la famille virevolte. Au gr\u00e9 de litanies fallacieuses et de confessions mensong\u00e8res.\n<\/p>\n\n\n\n<p>\n  Pas un mot qui ne soit de Moli\u00e8re !\n<\/p>\n\n\n\n<p>\n  Beno\u00eet Blampain\n<\/p>\n","protected":false},"excerpt":{"rendered":"<p>Photo\u00a9B.Blampain Tartuffe ou l\u2019Hypocrite Moli\u00e8re En-Jeu(x) pr\u00e9sente Tartuffe ou l\u2019Hypocrite Com\u00e9die en vers de Moli\u00e8re Restauration en trois actes par Beno\u00eet Blampain Cr\u00e9ation Dramatis person\u00e6 Mme Pernelle, M\u00e8re d\u2019Orgon\u23a5Nicole Contin Elmire, Femme d\u2019Orgon\u23a5Chlo\u00e9 Th\u00e9bault Dorine, Suivante\u23a5Beate Giffo-Schmitt Damis, Fils d\u2019Orgon\u23a5Justin Willett Cl\u00e9ante, Beaufr\u00e8re d\u2019Orgon\u23a5Serge Macia Flipote, Servante de Madame Pernelle\u23a5N.N. Orgon, Mari d\u2019Elmire\u23a5Eric Dalhen Tartuffe, [&hellip;]<\/p>\n","protected":false},"author":1,"featured_media":0,"parent":0,"menu_order":0,"comment_status":"closed","ping_status":"closed","template":"","meta":{"footnotes":""},"class_list":["post-35","page","type-page","status-publish","hentry"],"_links":{"self":[{"href":"http:\/\/en-jeuxtheatre.fr\/index.php\/wp-json\/wp\/v2\/pages\/35","targetHints":{"allow":["GET"]}}],"collection":[{"href":"http:\/\/en-jeuxtheatre.fr\/index.php\/wp-json\/wp\/v2\/pages"}],"about":[{"href":"http:\/\/en-jeuxtheatre.fr\/index.php\/wp-json\/wp\/v2\/types\/page"}],"author":[{"embeddable":true,"href":"http:\/\/en-jeuxtheatre.fr\/index.php\/wp-json\/wp\/v2\/users\/1"}],"replies":[{"embeddable":true,"href":"http:\/\/en-jeuxtheatre.fr\/index.php\/wp-json\/wp\/v2\/comments?post=35"}],"version-history":[{"count":2,"href":"http:\/\/en-jeuxtheatre.fr\/index.php\/wp-json\/wp\/v2\/pages\/35\/revisions"}],"predecessor-version":[{"id":69,"href":"http:\/\/en-jeuxtheatre.fr\/index.php\/wp-json\/wp\/v2\/pages\/35\/revisions\/69"}],"wp:attachment":[{"href":"http:\/\/en-jeuxtheatre.fr\/index.php\/wp-json\/wp\/v2\/media?parent=35"}],"curies":[{"name":"wp","href":"https:\/\/api.w.org\/{rel}","templated":true}]}}